{"id":9,"date":"2026-01-30T05:15:13","date_gmt":"2026-01-30T05:15:13","guid":{"rendered":"https:\/\/playupdate.net\/?page_id=9"},"modified":"2026-01-30T05:15:13","modified_gmt":"2026-01-30T05:15:13","slug":"trang-chu","status":"publish","type":"page","link":"https:\/\/playupdate.net\/","title":{"rendered":"Trang ch\u1ee7"},"content":{"rendered":"\n<!-- Trang ch\u1ee7 playupdate.net -->\n<div class=\"playupdate-home\">\n  <nav class=\"navbar\">\n    <div class=\"logo\">PlayUpdate<span>.net<\/span><\/div>\n    <ul class=\"nav-links\">\n      <li><a href=\"#\">Tin game<\/a><\/li>\n      <li><a href=\"#\">C\u1eadp nh\u1eadt<\/a><\/li>\n      <li><a href=\"#\">C\u1ed9ng \u0111\u1ed3ng<\/a><\/li>\n      <li><a href=\"#\">Li\u00ean h\u1ec7<\/a><\/li>\n    <\/ul>\n  <\/nav>\n  <section class=\"hero\">\n    <h1>C\u1eadp nh\u1eadt th\u1ebf gi\u1edbi game c\u00f9ng PlayUpdate.net<\/h1>\n    <p>Tin t\u1ee9c, \u0111\u00e1nh gi\u00e1, c\u1eadp nh\u1eadt game m\u1edbi nh\u1ea5t m\u1ed7i ng\u00e0y cho game th\u1ee7 Vi\u1ec7t.<\/p>\n    <a href=\"#\" class=\"cta-btn\">Xem tin m\u1edbi<\/a>\n  <\/section>\n  <section class=\"features\">\n    <div class=\"feature\">\n      <div class=\"icon\">\ud83c\udfae<\/div>\n      <h2>Tin game n\u00f3ng h\u1ed5i<\/h2>\n      <p>Th\u00f4ng tin game m\u1edbi, trailer, s\u1ef1 ki\u1ec7n v\u00e0 ph\u00e1t h\u00e0nh h\u1ea5p d\u1eabn nh\u1ea5t.<\/p>\n    <\/div>\n    <div class=\"feature\">\n      <div class=\"icon\">\u26a1<\/div>\n      <h2>C\u1eadp nh\u1eadt nhanh<\/h2>\n      <p>C\u1eadp nh\u1eadt b\u1ea3n v\u00e1, s\u1ef1 ki\u1ec7n, t\u00ednh n\u0103ng m\u1edbi c\u1ee7a c\u00e1c t\u1ef1a game hot.<\/p>\n    <\/div>\n    <div class=\"feature\">\n      <div class=\"icon\">\ud83e\udd1d<\/div>\n      <h2>C\u1ed9ng \u0111\u1ed3ng s\u00f4i \u0111\u1ed9ng<\/h2>\n      <p>Chia s\u1ebb kinh nghi\u1ec7m, k\u1ebft n\u1ed1i v\u00e0 giao l\u01b0u c\u00f9ng game th\u1ee7 c\u1ea3 n\u01b0\u1edbc.<\/p>\n    <\/div>\n  <\/section>\n  <section class=\"about\">\n    <h2>V\u1ec1 PlayUpdate.net<\/h2>\n    <p>\n      PlayUpdate.net l\u00e0 trang tin t\u1ed5ng h\u1ee3p v\u1ec1 game, mang \u0111\u1ebfn cho b\u1ea1n nh\u1eefng th\u00f4ng tin m\u1edbi nh\u1ea5t, \u0111\u00e1nh gi\u00e1 kh\u00e1ch quan v\u00e0 c\u1ed9ng \u0111\u1ed3ng game th\u1ee7 n\u0103ng \u0111\u1ed9ng, s\u00e1ng t\u1ea1o.\n    <\/p>\n  <\/section>\n<\/div>\n<link rel=\"stylesheet\" href=\"style.css\">\n","protected":false},"excerpt":{"rendered":"<p>PlayUpdate.net Tin game C\u1eadp nh\u1eadt C\u1ed9ng \u0111\u1ed3ng Li\u00ean h\u1ec7 C\u1eadp nh\u1eadt th\u1ebf gi\u1edbi game c\u00f9ng PlayUpdate.net Tin t\u1ee9c, \u0111\u00e1nh gi\u00e1, c\u1eadp nh\u1eadt game m\u1edbi nh\u1ea5t m\u1ed7i ng\u00e0y cho game th\u1ee7 Vi\u1ec7t. Xem tin m\u1edbi \ud83c\udfae Tin game n\u00f3ng h\u1ed5i Th\u00f4ng tin game m\u1edbi, trailer, s\u1ef1 ki\u1ec7n v\u00e0 ph\u00e1t h\u00e0nh h\u1ea5p d\u1eabn nh\u1ea5t. \u26a1 C\u1eadp nh\u1eadt [&#8230;]\n","protected":false},"author":1,"featured_media":0,"parent":0,"menu_order":0,"comment_status":"closed","ping_status":"closed","template":"","meta":{"footnotes":""},"class_list":["post-9","page","type-page","status-publish","hentry"],"_links":{"self":[{"href":"https:\/\/playupdate.net\/index.php\/wp-json\/wp\/v2\/pages\/9","targetHints":{"allow":["GET"]}}],"collection":[{"href":"https:\/\/playupdate.net\/index.php\/wp-json\/wp\/v2\/pages"}],"about":[{"href":"https:\/\/playupdate.net\/index.php\/wp-json\/wp\/v2\/types\/page"}],"author":[{"embeddable":true,"href":"https:\/\/playupdate.net\/index.php\/wp-json\/wp\/v2\/users\/1"}],"replies":[{"embeddable":true,"href":"https:\/\/playupdate.net\/index.php\/wp-json\/wp\/v2\/comments?post=9"}],"version-history":[{"count":1,"href":"https:\/\/playupdate.net\/index.php\/wp-json\/wp\/v2\/pages\/9\/revisions"}],"predecessor-version":[{"id":11,"href":"https:\/\/playupdate.net\/index.php\/wp-json\/wp\/v2\/pages\/9\/revisions\/11"}],"wp:attachment":[{"href":"https:\/\/playupdate.net\/index.php\/wp-json\/wp\/v2\/media?parent=9"}],"curies":[{"name":"wp","href":"https:\/\/api.w.org\/{rel}","templated":true}]}}